{"id":6,"date":"2025-10-18T13:33:50","date_gmt":"2025-10-18T06:33:50","guid":{"rendered":"https:\/\/csucasanare.com.co\/?page_id=6"},"modified":"2025-10-19T11:13:16","modified_gmt":"2025-10-19T04:13:16","slug":"trang-chu","status":"publish","type":"page","link":"https:\/\/csucasanare.com.co\/","title":{"rendered":"188v &#8211; Trang ch\u1ee7 \u0110\u0103ng k\u00fd 188V.Com | Ho\u00e0n tr\u1ea3 t\u1ed1i \u0111a 100%"},"content":{"rendered":"<div class=\"row\"  id=\"row-222339019\">\n\n\t<div id=\"col-781543693\" class=\"col medium-8 small-12 large-8\"  >\n\t\t\t\t<div class=\"col-inner\"  >\n\t\t\t\n\t\t\t\n<h1 class=\"tieu-de\" style=\"text-align: center;\">188v &#8211; Trang ch\u1ee7 \u0110\u0103ng k\u00fd 188V.Com | Ho\u00e0n tr\u1ea3 t\u1ed1i \u0111a 100%<\/h1>\n<p><span style=\"color: #359eff;\"><strong>188v<\/strong> l\u00e0 nh\u00e0 c\u00e1i uy t\u00edn Top 1 n\u0103m 2025 v\u00e0 n\u1eb1m trong h\u1ec7 sinh th\u00e1i c\u00e1 c\u01b0\u1ee3c c\u1ee7a T\u1eadp \u0111o\u00e0n Gi\u1ea3i tr\u00ed Xxvip. H\u1ec7 th\u1ed1ng game \u0111a d\u1ea1ng v\u1edbi c\u00f4ng ngh\u1ec7 ph\u00e1t tri\u1ec3n m\u1edbi nh\u1ea5t hi\u1ec7n nay, c\u00f9ng t\u00ednh n\u0103ng h\u1ed7 tr\u1ee3 kh\u00e1ch h\u00e0ng n\u1ea1p r\u00fat ti\u1ec1n nhanh ch\u00f3ng \u0111\u00e3 gi\u00fap 188 v.com ti\u1ebfp c\u1eadn \u0111\u01b0\u1ee3c h\u00e0ng tri\u1ec7u ng\u01b0\u1eddi ch\u01a1i ngay khi m\u1edbi ra m\u1eaft. N\u01a1i s\u1ebd tho\u1ea3 m\u00e3n m\u1ecdi ni\u1ec1m \u0111am m\u00ea v\u1edbi c\u00e1 c\u01b0\u1ee3c tr\u1ef1c tuy\u1ebfn c\u1ee7a c\u00e1c b\u1ea1n.<\/span><\/p>\n<blockquote><p>Trang ch\u1ee7 \u0110\u0103ng nh\u1eadp 188v com ch\u00ednh th\u1ee9c: <a href=\"https:\/\/csucasanare.com.co\/\"><span style=\"color: #ff6600;\"><em>https:\/\/csucasanare.com.co\/<\/em><\/span><\/a><\/p><\/blockquote>\n\t\t<\/div>\n\t\t\t\t\t<\/div>\n\n\t\n\n\t<div id=\"col-2015587385\" class=\"col medium-4 small-12 large-4\"  >\n\t\t\t\t<div class=\"col-inner text-center\"  >\n\t\t\t\n\t\t\t\n\t<div class=\"img has-hover x md-x lg-x y md-y lg-y\" id=\"image_1985496546\">\n\t\t\t\t\t\t\t\t<div class=\"img-inner dark\" >\n\t\t\t<img loading=\"lazy\" decoding=\"async\" width=\"512\" height=\"512\" src=\"https:\/\/csucasanare.com.co\/wp-content\/uploads\/2025\/10\/188v-favicon.webp\" class=\"attachment-original size-original\" alt=\"Nh\u00e0 c\u00e1i 188v\" srcset=\"https:\/\/csucasanare.com.co\/wp-content\/uploads\/2025\/10\/188v-favicon.webp 512w, https:\/\/csucasanare.com.co\/wp-content\/uploads\/2025\/10\/188v-favicon-300x300.webp 300w, https:\/\/csucasanare.com.co\/wp-content\/uploads\/2025\/10\/188v-favicon-150x150.webp 150w\" sizes=\"auto, (max-width: 512px) 100vw, 512px\" \/>\t\t\t\t\t\t\n\t\t\t\t\t<\/div>\n\t\t\t\t\t\t\t\t\n<style>\n#image_1985496546 {\n  width: 80%;\n}\n<\/style>\n\t<\/div>\n\t\n\t\t<\/div>\n\t\t\t\t\t<\/div>\n\n\t\n<\/div>\n<h2 class=\"tieu-de uppercase\"><strong>FAQ &#8211; Gi\u1ea3i \u0111\u00e1p th\u00f4ng tin nh\u00e0 c\u00e1i 1888v<\/strong><\/h2>\n<div class=\"accordion faq\">\n\t<div id=\"accordion-1268580581\" class=\"accordion-item\">\n\t\t<a id=\"accordion-1268580581-label\" class=\"accordion-title plain\" href=\"#accordion-item-m\u00e1y-ch\u1ee7-\u0111\u0103ng-nh\u1eadp-188v-n\u00e0o-ch\u00ednh-th\u1ee9c?\" aria-expanded=\"false\" aria-controls=\"accordion-1268580581-content\">\n\t\t\t<button class=\"toggle\" aria-label=\"Chuy\u1ec3n \u0111\u1ed5i\"><i class=\"icon-angle-down\" aria-hidden=\"true\"><\/i><\/button>\n\t\t\t<span>M\u00e1y ch\u1ee7 \u0111\u0103ng nh\u1eadp 188v n\u00e0o ch\u00ednh th\u1ee9c?<\/span>\n\t\t<\/a>\n\t\t<div id=\"accordion-1268580581-content\" class=\"accordion-inner\" aria-labelledby=\"accordion-1268580581-label\">\n\t\t\t\n<p>Nh\u00e0 c\u00e1i 188 v cung c\u1ea5p c\u00e1c trang ch\u1ee7 login + t\u1ea3i app d\u01b0\u1edbi \u0111\u00e2y :<\/p>\n<ul>\n<li><em>188v.app<\/em><\/li>\n<li><em>188v.bet<\/em><\/li>\n<li><em>188v.net<\/em><\/li>\n<\/ul>\n\t\t<\/div>\n\t<\/div>\n\t\n\t<div id=\"accordion-1483208369\" class=\"accordion-item\">\n\t\t<a id=\"accordion-1483208369-label\" class=\"accordion-title plain\" href=\"#accordion-item-\u0110\u0103ng-k\u00fd-t\u00e0i-kho\u1ea3n-1888v-nh\u01b0-th\u1ebf-n\u00e0o?\" aria-expanded=\"false\" aria-controls=\"accordion-1483208369-content\">\n\t\t\t<button class=\"toggle\" aria-label=\"Chuy\u1ec3n \u0111\u1ed5i\"><i class=\"icon-angle-down\" aria-hidden=\"true\"><\/i><\/button>\n\t\t\t<span>\u0110\u0103ng k\u00fd t\u00e0i kho\u1ea3n 1888v nh\u01b0 th\u1ebf n\u00e0o?<\/span>\n\t\t<\/a>\n\t\t<div id=\"accordion-1483208369-content\" class=\"accordion-inner\" aria-labelledby=\"accordion-1483208369-label\">\n\t\t\t\n<p>Truy c\u1eadp trang ch\u1ee7 <span style=\"color: #ff0000;\">https:\/\/csucasanare.com.co\/<\/span> r\u1ed3i ch\u1ecdn &#8220;\u0110\u0103ng k\u00fd&#8221;. Nh\u1eadp th\u00f4ng tin Account g\u1ed3m: ID, password, h\u1ecd t\u00ean, email v\u00e0 s\u1ed1 \u0111i\u1ec7n tho\u1ea1i. Sau \u0111\u00f3 b\u01b0\u1edbc quan tr\u1ecdng l\u00e0 x\u00e1c th\u1ef1c s\u1ed1 t\u00e0i kho\u1ea3n ng\u00e2n h\u00e0ng v\u00e0 \u0111i\u1ec1n th\u00eam m\u1eadt kh\u1ea9u r\u00fat ti\u1ec1n.<\/p>\n\t\t<\/div>\n\t<\/div>\n\t\n\t<div id=\"accordion-278953039\" class=\"accordion-item\">\n\t\t<a id=\"accordion-278953039-label\" class=\"accordion-title plain\" href=\"#accordion-item-nh\u00e0-c\u00e1i-188v-uy-t\u00edn-\u1edf-\u0111i\u1ec3m-n\u00e0o?\" aria-expanded=\"false\" aria-controls=\"accordion-278953039-content\">\n\t\t\t<button class=\"toggle\" aria-label=\"Chuy\u1ec3n \u0111\u1ed5i\"><i class=\"icon-angle-down\" aria-hidden=\"true\"><\/i><\/button>\n\t\t\t<span>Nh\u00e0 c\u00e1i 188v uy t\u00edn \u1edf \u0111i\u1ec3m n\u00e0o?<\/span>\n\t\t<\/a>\n\t\t<div id=\"accordion-278953039-content\" class=\"accordion-inner\" aria-labelledby=\"accordion-278953039-label\">\n\t\t\t\n<p>188 v.com \u0111\u01b0\u1ee3c t\u1eadp \u0111o\u00e0n XX.Vip b\u1ea3o ch\u1ee9ng. Ngo\u00e0i ra nh\u00e0 c\u00e1i n\u00e0y c\u00f2n xin c\u1ea5p ph\u00e9p t\u1eeb:<\/p>\n<ul>\n<li>Pagcor (Philippines)<\/li>\n<li>Malta Gaming Authority (Malta)<\/li>\n<li>Gambling Commission (Anh Qu\u1ed1c).<\/li>\n<\/ul>\n\t\t<\/div>\n\t<\/div>\n\t\n\t<div id=\"accordion-270372467\" class=\"accordion-item\">\n\t\t<a id=\"accordion-270372467-label\" class=\"accordion-title plain\" href=\"#accordion-item-r\u00fat-ti\u1ec1n-t\u1ea1i-188v-c\u00f3-nhanh-kh\u00f4ng?\" aria-expanded=\"false\" aria-controls=\"accordion-270372467-content\">\n\t\t\t<button class=\"toggle\" aria-label=\"Chuy\u1ec3n \u0111\u1ed5i\"><i class=\"icon-angle-down\" aria-hidden=\"true\"><\/i><\/button>\n\t\t\t<span>R\u00fat ti\u1ec1n t\u1ea1i 188v c\u00f3 nhanh kh\u00f4ng?<\/span>\n\t\t<\/a>\n\t\t<div id=\"accordion-270372467-content\" class=\"accordion-inner\" aria-labelledby=\"accordion-270372467-label\">\n\t\t\t\n<p>R\u1ea5t thu\u1eadn ti\u1ec7n, nhanh ch\u00f3ng v\u00e0 an to\u00e0n. Ng\u01b0\u1eddi ch\u01a1i th\u1eafng c\u01b0\u1ee3c tr\u00ean trang 188vv.com c\u00f3 th\u1ec3 r\u00fat v\u1ec1 th\u1ebb ng\u00e2n h\u00e0ng qu\u1ed1c n\u1ed9i ch\u1ec9 trong 5-10 ph\u00fat.<\/p>\n\t\t<\/div>\n\t<\/div>\n\t\n\t<div id=\"accordion-3717484579\" class=\"accordion-item\">\n\t\t<a id=\"accordion-3717484579-label\" class=\"accordion-title plain\" href=\"#accordion-item-k\u00eanh-cskh-nh\u00e0-c\u00e1i-188v.com-c\u00f3-chuy\u00ean-nghi\u1ec7p-kh\u00f4ng?\" aria-expanded=\"false\" aria-controls=\"accordion-3717484579-content\">\n\t\t\t<button class=\"toggle\" aria-label=\"Chuy\u1ec3n \u0111\u1ed5i\"><i class=\"icon-angle-down\" aria-hidden=\"true\"><\/i><\/button>\n\t\t\t<span>K\u00eanh CSKH Nh\u00e0 c\u00e1i 188v.com c\u00f3 chuy\u00ean nghi\u1ec7p kh\u00f4ng?<\/span>\n\t\t<\/a>\n\t\t<div id=\"accordion-3717484579-content\" class=\"accordion-inner\" aria-labelledby=\"accordion-3717484579-label\">\n\t\t\t\n<p>K\u00eanh Livechat t\u1ea1i 188v lu\u00f4n ho\u1ea1t \u0111\u1ed9ng 24\/7. H\u1ed7 tr\u1ee3 m\u1ecdi nhu c\u1ea7u v\u1ec1 \u0111\u0103ng nh\u1eadp, \u0111\u0103ng k\u00fd, t\u1ea3i app, khuy\u1ebfn m\u00e3i v\u00e0 n\u1ea1p r\u00fat ti\u1ec1n.<\/p>\n\t\t<\/div>\n\t<\/div>\n\t\n<\/div>\n","protected":false},"excerpt":{"rendered":"<p>FAQ &#8211; Gi\u1ea3i \u0111\u00e1p th\u00f4ng tin nh\u00e0 c\u00e1i 1888v<\/p>\n","protected":false},"author":1,"featured_media":0,"parent":0,"menu_order":0,"comment_status":"closed","ping_status":"closed","template":"","meta":{"footnotes":""},"class_list":["post-6","page","type-page","status-publish","hentry"],"_links":{"self":[{"href":"https:\/\/csucasanare.com.co\/index.php?rest_route=\/wp\/v2\/pages\/6","targetHints":{"allow":["GET"]}}],"collection":[{"href":"https:\/\/csucasanare.com.co\/index.php?rest_route=\/wp\/v2\/pages"}],"about":[{"href":"https:\/\/csucasanare.com.co\/index.php?rest_route=\/wp\/v2\/types\/page"}],"author":[{"embeddable":true,"href":"https:\/\/csucasanare.com.co\/index.php?rest_route=\/wp\/v2\/users\/1"}],"replies":[{"embeddable":true,"href":"https:\/\/csucasanare.com.co\/index.php?rest_route=%2Fwp%2Fv2%2Fcomments&post=6"}],"version-history":[{"count":13,"href":"https:\/\/csucasanare.com.co\/index.php?rest_route=\/wp\/v2\/pages\/6\/revisions"}],"predecessor-version":[{"id":102,"href":"https:\/\/csucasanare.com.co\/index.php?rest_route=\/wp\/v2\/pages\/6\/revisions\/102"}],"wp:attachment":[{"href":"https:\/\/csucasanare.com.co\/index.php?rest_route=%2Fwp%2Fv2%2Fmedia&parent=6"}],"curies":[{"name":"wp","href":"https:\/\/api.w.org\/{rel}","templated":true}]}}